{"id":4573,"date":"2024-03-23T18:17:42","date_gmt":"2024-05-12T14:20:35","guid":{"rendered":"https:\/\/ideas4print.com\/product\/display-for-broschyrer-och-foldrar\/"},"modified":"2024-05-14T22:18:46","modified_gmt":"2024-05-14T20:18:46","slug":"display-for-broschyrer-och-foldrar","status":"publish","type":"product","link":"https:\/\/ideas4print.com\/sv\/produkt\/display-for-broschyrer-och-foldrar\/","title":{"rendered":"Display f\u00f6r broschyrer och foldrar"},"content":{"rendered":"<div class=\"flex-1 overflow-hidden\">\n<div class=\"react-scroll-to-bottom--css-triek-79elbk h-full\">\n<div class=\"react-scroll-to-bottom--css-triek-1n7m0yu\">\n<div>\n<div class=\"flex flex-col text-sm pb-9\">\n<div class=\"w-full text-token-text-primary\" dir=\"auto\" data-testid=\"conversation-turn-3\">\n<div class=\"px-4 py-2 justify-center text-base md:gap-6 m-auto\">\n<div class=\"flex flex-1 text-base mx-auto gap-3 juice:gap-4 juice:md:gap-6 md:px-5 lg:px-1 xl:px-5 md:max-w-3xl lg:max-w-[40rem] xl:max-w-[48rem] group final-completion\">\n<div class=\"relative flex w-full flex-col agent-turn\">\n<div class=\"flex-col gap-1 md:gap-3\">\n<div class=\"flex flex-grow flex-col max-w-full\">\n<div class=\"min-h-[20px] text-message flex flex-col items-start gap-3 whitespace-pre-wrap break-words [.text-message+&amp;]:mt-5 overflow-x-auto\" dir=\"auto\" data-message-author-role=\"assistant\" data-message-id=\"a9cad6f7-3980-4e2a-bd67-afcc6a5fb77c\">\n<div class=\"markdown prose w-full break-words dark:prose-invert light\">\n<p>Bordsdisplayer i wellpapp som kan anpassas \u00e4r den perfekta l\u00f6sningen f\u00f6r f\u00f6retag som vill f\u00f6rb\u00e4ttra sin marknadsf\u00f6ring. Oavsett om du vill visa upp broschyrer, foldrar eller sm\u00e5 produkter ger dessa displayer en m\u00e5ngsidig plattform som \u00e4r skr\u00e4ddarsydd f\u00f6r specifika behov.<\/p>\n<p>Diskdisplayerna \u00e4r tillverkade av slitstark wellpapp och \u00e4r byggda f\u00f6r att klara den dagliga anv\u00e4ndningen med bibeh\u00e5llen strukturell integritet. L\u00e4tt och enkel att transportera, vilket g\u00f6r dem idealiska f\u00f6r m\u00e4ssor, detaljhandelsmilj\u00f6er eller reklamevenemang.<\/p>\n<p>Det som utm\u00e4rker dessa diskdisplayer \u00e4r deras anpassningsbara design. Det finns frihet att trycka dem med anpassade m\u00f6nster, logotyper eller meddelanden, vilket s\u00e4kerst\u00e4ller att varum\u00e4rkesbudskap sticker ut och f\u00e5ngar m\u00e5lgruppens uppm\u00e4rksamhet.<\/p>\n<p>Oavsett om det g\u00e4ller ett litet f\u00f6retag som vill marknadsf\u00f6ra de senaste produkterna eller ett stort f\u00f6retag som vill skapa effektfulla displayer, erbjuder wellpappdisplayer den m\u00e5ngsidighet och h\u00e5llbarhet som beh\u00f6vs. F\u00f6rb\u00e4ttra marknadsf\u00f6ringsinsatserna och skapa best\u00e5ende intryck med anpassningsbara diskdisplayer.<\/p>\n<\/div>\n<\/div>\n<\/div>\n<\/div>\n<\/div>\n<\/div>\n<\/div>\n<\/div>\n<\/div>\n<\/div>\n<\/div>\n<\/div>\n<\/div>\n","protected":false},"excerpt":{"rendered":"<p>Visa upp broschyrer eller produkter med m\u00e5ngsidiga diskdisplayer i wellpapp som \u00e4r skr\u00e4ddarsydda efter dina \u00f6nskem\u00e5l.<\/p>\n<ul>\n<li>M\u00e5ngsidig och anpassningsbar design<\/li>\n<li>Perfekt f\u00f6r att visa upp broschyrer eller produkter<\/li>\n<li>H\u00e5llbar konstruktion av wellpapp<\/li>\n<li>L\u00e4tt och enkel att transportera<\/li>\n<li>Kan tryckas med egna m\u00f6nster<\/li>\n<li>I\u00f6gonfallande display f\u00f6r butiksmilj\u00f6er<\/li>\n<li>Perfekt f\u00f6r m\u00e4ssor och kampanjer<\/li>\n<\/ul>\n<p>F\u00f6rb\u00e4ttra dina marknadsf\u00f6ringsinsatser med anpassningsbara displayer i wellpapp. Dessa displayer \u00e4r tillverkade av h\u00e5llbara material och har en anpassningsbar design och erbjuder en m\u00e5ngsidig l\u00f6sning f\u00f6r att visa upp broschyrer eller produkter i olika milj\u00f6er.<\/p>\n","protected":false},"featured_media":3938,"template":"","meta":{"_kadence_starter_templates_imported_post":false,"_kad_post_transparent":"default","_kad_post_title":"","_kad_post_layout":"default","_kad_post_sidebar_id":"","_kad_post_content_style":"default","_kad_post_vertical_padding":"default","_kad_post_feature":"","_kad_post_feature_position":"","_kad_post_header":false,"_kad_post_footer":false,"_kad_post_classname":""},"product_brand":[],"product_cat":[244],"product_tag":[],"class_list":{"0":"post-4573","1":"product","2":"type-product","3":"status-publish","4":"has-post-thumbnail","6":"product_cat-bordsdisplayer","8":"first","9":"instock","10":"taxable","11":"shipping-taxable","12":"product-type-simple","13":"entry","14":"content-bg","15":"loop-entry"},"_links":{"self":[{"href":"https:\/\/ideas4print.com\/sv\/wp-json\/wp\/v2\/product\/4573","targetHints":{"allow":["GET"]}}],"collection":[{"href":"https:\/\/ideas4print.com\/sv\/wp-json\/wp\/v2\/product"}],"about":[{"href":"https:\/\/ideas4print.com\/sv\/wp-json\/wp\/v2\/types\/product"}],"wp:featuredmedia":[{"embeddable":true,"href":"https:\/\/ideas4print.com\/sv\/wp-json\/wp\/v2\/media\/3938"}],"wp:attachment":[{"href":"https:\/\/ideas4print.com\/sv\/wp-json\/wp\/v2\/media?parent=4573"}],"wp:term":[{"taxonomy":"product_brand","embeddable":true,"href":"https:\/\/ideas4print.com\/sv\/wp-json\/wp\/v2\/product_brand?post=4573"},{"taxonomy":"product_cat","embeddable":true,"href":"https:\/\/ideas4print.com\/sv\/wp-json\/wp\/v2\/product_cat?post=4573"},{"taxonomy":"product_tag","embeddable":true,"href":"https:\/\/ideas4print.com\/sv\/wp-json\/wp\/v2\/product_tag?post=4573"}],"curies":[{"name":"wp","href":"https:\/\/api.w.org\/{rel}","templated":true}]}}