{"id":4568,"date":"2024-04-08T17:47:15","date_gmt":"2024-05-12T14:17:48","guid":{"rendered":"https:\/\/ideas4print.com\/product\/tidningsstall\/"},"modified":"2025-04-12T12:36:59","modified_gmt":"2025-04-12T10:36:59","slug":"tidningsstall","status":"publish","type":"product","link":"https:\/\/ideas4print.com\/sv\/produkt\/tidningsstall\/","title":{"rendered":"Tidningsst\u00e4ll"},"content":{"rendered":"<div class=\"flex-1 overflow-hidden\">\n<div class=\"react-scroll-to-bottom--css-vhnkq-79elbk h-full\">\n<div class=\"react-scroll-to-bottom--css-vhnkq-1n7m0yu\">\n<div>\n<div class=\"flex flex-col text-sm pb-9\">\n<div class=\"w-full text-token-text-primary\" dir=\"auto\" data-testid=\"conversation-turn-3\">\n<div class=\"px-4 py-2 justify-center text-base md:gap-6 m-auto\">\n<div class=\"flex flex-1 text-base mx-auto gap-3 juice:gap-4 juice:md:gap-6 md:px-5 lg:px-1 xl:px-5 md:max-w-3xl lg:max-w-[40rem] xl:max-w-[48rem] group final-completion\">\n<div class=\"relative flex w-full flex-col agent-turn\">\n<div class=\"flex-col gap-1 md:gap-3\">\n<div class=\"flex flex-grow flex-col max-w-full\">\n<div class=\"min-h-[20px] text-message flex flex-col items-start gap-3 whitespace-pre-wrap break-words [.text-message+&amp;]:mt-5 overflow-x-auto\" dir=\"auto\" data-message-author-role=\"assistant\" data-message-id=\"c755d0b0-de04-4e66-8291-9e545bf6a2a2\">\n<div class=\"markdown prose w-full break-words dark:prose-invert light\">\n<p>Det anpassningsbara golvst\u00e4llet i wellpapp \u00e4r den perfekta l\u00f6sningen f\u00f6r \u00e5terf\u00f6rs\u00e4ljare som vill f\u00f6rb\u00e4ttra presentationen av tidningar och tidskrifter. Detta st\u00e4ll \u00e4r tillverkat av h\u00f6gkvalitativ wellpapp och kombinerar h\u00e5llbarhet med visuell attraktionskraft.<\/p>\n<p>St\u00e4llets kompakta design g\u00f6r att den passar perfekt in i butiksmilj\u00f6er och optimerar utrymmet utan att kompromissa med synligheten. Den l\u00e4tta konstruktionen g\u00f6r det enkelt att transportera och m\u00f6jligg\u00f6r strategisk placering i en butik.<\/p>\n<p>Med anpassningsbara tryckalternativ kan man anpassa displayst\u00e4llet till sin varum\u00e4rkesidentitet och s\u00e4kerst\u00e4lla ett sammanh\u00e4ngande utseende i hela butiksutrymmet. Oavsett om det handlar om att marknadsf\u00f6ra specifika publikationer eller lyfta fram artiklar, utg\u00f6r denna display en idealisk plattform f\u00f6r att f\u00e5nga kundernas uppm\u00e4rksamhet.<\/p>\n<p>Monteringen \u00e4r snabb och enkel, vilket m\u00f6jligg\u00f6r en effektiv installation av displayen utan kr\u00e5ngel. Den modul\u00e4ra designen g\u00f6r det dessutom enkelt att montera ned den vid behov, vilket ger flexibilitet n\u00e4r butikslayouten ska \u00e4ndras.<\/p>\n<p>Att investera i ett golvst\u00e4ll i wellpapp f\u00f6rh\u00f6jer det estetiska intrycket av en butikslokal och skapar en visuellt engagerande upplevelse f\u00f6r kunderna. F\u00f6rb\u00e4ttra presentationen av tidningar och tidskrifter med den h\u00e4r m\u00e5ngsidiga och anpassningsbara l\u00f6sningen.<\/p>\n<\/div>\n<\/div>\n<\/div>\n<\/div>\n<\/div>\n<\/div>\n<\/div>\n<\/div>\n<\/div>\n<\/div>\n<\/div>\n<\/div>\n<\/div>\n","protected":false},"excerpt":{"rendered":"<p>Visa upp tidningar och tidskrifter p\u00e5 ett attraktivt s\u00e4tt med ett anpassningsbart golvst\u00e4ll i wellpapp, perfekt f\u00f6r butiksmilj\u00f6er.<\/p>\n<ul>\n<li>Robust konstruktion av wellpapp<\/li>\n<li>Anpassningsbara tryckalternativ f\u00f6r varum\u00e4rkesprofilering<\/li>\n<li>Kompakt design sparar utrymme<\/li>\n<li>Enkel montering och demontering<\/li>\n<li>L\u00e4tt vikt f\u00f6r enkel transport<\/li>\n<\/ul>\n<p>F\u00f6rh\u00f6j din butiksyta med ett anpassningsbart golvst\u00e4ll i wellpapp som \u00e4r utformat f\u00f6r att visa upp tidningar och tidskrifter p\u00e5 ett effektivt s\u00e4tt. Detta st\u00e4ll \u00e4r tillverkat av robust wellpapp och \u00e4r b\u00e5de h\u00e5llbart och m\u00e5ngsidigt.<\/p>\n","protected":false},"featured_media":3966,"template":"","meta":{"_kadence_starter_templates_imported_post":false,"_kad_post_transparent":"default","_kad_post_title":"","_kad_post_layout":"default","_kad_post_sidebar_id":"","_kad_post_content_style":"default","_kad_post_vertical_padding":"default","_kad_post_feature":"","_kad_post_feature_position":"","_kad_post_header":false,"_kad_post_footer":false,"_kad_post_classname":""},"product_brand":[],"product_cat":[245],"product_tag":[],"class_list":{"0":"post-4568","1":"product","2":"type-product","3":"status-publish","4":"has-post-thumbnail","6":"product_cat-golvdisplayer","7":"pa_accessories-broschyrfack","8":"pa_accessories-inga-tillbehor","9":"pa_accessories-skylt","10":"pa_accessories-skylt-och-broschyrfack","12":"first","13":"instock","14":"taxable","15":"shipping-taxable","16":"purchasable","17":"product-type-variable","18":"entry","19":"content-bg","20":"loop-entry"},"_links":{"self":[{"href":"https:\/\/ideas4print.com\/sv\/wp-json\/wp\/v2\/product\/4568","targetHints":{"allow":["GET"]}}],"collection":[{"href":"https:\/\/ideas4print.com\/sv\/wp-json\/wp\/v2\/product"}],"about":[{"href":"https:\/\/ideas4print.com\/sv\/wp-json\/wp\/v2\/types\/product"}],"wp:featuredmedia":[{"embeddable":true,"href":"https:\/\/ideas4print.com\/sv\/wp-json\/wp\/v2\/media\/3966"}],"wp:attachment":[{"href":"https:\/\/ideas4print.com\/sv\/wp-json\/wp\/v2\/media?parent=4568"}],"wp:term":[{"taxonomy":"product_brand","embeddable":true,"href":"https:\/\/ideas4print.com\/sv\/wp-json\/wp\/v2\/product_brand?post=4568"},{"taxonomy":"product_cat","embeddable":true,"href":"https:\/\/ideas4print.com\/sv\/wp-json\/wp\/v2\/product_cat?post=4568"},{"taxonomy":"product_tag","embeddable":true,"href":"https:\/\/ideas4print.com\/sv\/wp-json\/wp\/v2\/product_tag?post=4568"}],"curies":[{"name":"wp","href":"https:\/\/api.w.org\/{rel}","templated":true}]}}