{"id":4563,"date":"2024-04-08T18:11:55","date_gmt":"2024-05-12T14:13:45","guid":{"rendered":"https:\/\/ideas4print.com\/product\/broschyrstall\/"},"modified":"2025-04-12T12:36:46","modified_gmt":"2025-04-12T10:36:46","slug":"broschyrstall","status":"publish","type":"product","link":"https:\/\/ideas4print.com\/sv\/produkt\/broschyrstall\/","title":{"rendered":"Broschyrst\u00e4ll"},"content":{"rendered":"<p>Displayst\u00e4ll i wellpapp f\u00f6r broschyrer erbjuder en sofistikerad l\u00f6sning f\u00f6r att presentera marknadsf\u00f6ringsmaterial p\u00e5 ett effektivt s\u00e4tt. Detta golvst\u00e4ll \u00e4r tillverkat av robust wellpapp och garanterar h\u00e5llbarhet samtidigt som det ger ett professionellt utseende.<\/p>\n<p>Anpassning \u00e4r nyckeln &#8211; skr\u00e4ddarsy designen s\u00e5 att den passar perfekt in i varum\u00e4rkets identitet. Oavsett om du f\u00f6redrar livfulla f\u00e4rger, snygga ytor eller specifika varum\u00e4rkeselement kan displayst\u00e4llet anpassas f\u00f6r att uppfylla exakta specifikationer.<\/p>\n<p>M\u00e5ngsidighet \u00e4r ett annat k\u00e4nnetecken f\u00f6r produkten. Med justerbara hyllor och fack rymmer den olika storlekar p\u00e5 broschyrer och foldrar, vilket g\u00f6r det m\u00f6jligt att visa upp en m\u00e4ngd olika typer av reklammaterial.<\/p>\n<p>Monteringen \u00e4r snabb och problemfri, vilket g\u00f6r den idealisk f\u00f6r m\u00e4ssor, utst\u00e4llningar och butiksmilj\u00f6er. Demonteringen \u00e4r lika enkel, vilket underl\u00e4ttar transport och f\u00f6rvaring mellan olika evenemang.<\/p>\n<p>Det som utm\u00e4rker wellpappst\u00e4llet f\u00f6r broschyrer \u00e4r dess f\u00f6rm\u00e5ga att dra till sig uppm\u00e4rksamhet. Den \u00e4r strategiskt placerad p\u00e5 v\u00e4lbes\u00f6kta platser och fungerar som en magnet f\u00f6r f\u00f6rbipasserande, som lockas in f\u00f6r att ta del av utbudet.<\/p>\n<p>Sammanfattningsvis kombinerar broschyrst\u00e4llet i wellpapp h\u00e5llbarhet, m\u00e5ngsidighet och visuellt tilltal f\u00f6r att h\u00f6ja marknadsf\u00f6ringsinsatserna. Investera i detta viktiga verktyg f\u00f6r att g\u00f6ra ett best\u00e5ende intryck och skapa engagemang hos m\u00e5lgruppen.<\/p>\n","protected":false},"excerpt":{"rendered":"<p>Visa upp broschyrer och foldrar p\u00e5 ett elegant s\u00e4tt med det m\u00e5ngsidiga displayst\u00e4llet i wellpapp, som kan anpassas f\u00f6r att passa dina varum\u00e4rkesbehov.<\/p>\n<ul>\n<li>Anpassningsbar design f\u00f6r att anpassa sig till varum\u00e4rkets estetik<\/li>\n<li>M\u00e5ngsidiga layoutalternativ f\u00f6r att passa olika storlekar p\u00e5 broschyrer och foldrar<\/li>\n<li>Enkel montering och demontering f\u00f6r bekv\u00e4m transport och f\u00f6rvaring<\/li>\n<li>I\u00f6gonfallande display f\u00f6rb\u00e4ttrar synligheten och drar uppm\u00e4rksamheten till reklammaterial<\/li>\n<\/ul>\n<p>Lyft fram marknadsf\u00f6ringsmaterialet med ett displayst\u00e4ll i wellpappf\u00f6r broschyrer. Den \u00e4r utformad f\u00f6r maximal synlighet och h\u00e5llbarhet och erbjuder en elegant l\u00f6sning f\u00f6r att visa upp broschyrer och foldrar.<\/p>\n","protected":false},"featured_media":3968,"template":"","meta":{"_kadence_starter_templates_imported_post":false,"_kad_post_transparent":"default","_kad_post_title":"","_kad_post_layout":"default","_kad_post_sidebar_id":"","_kad_post_content_style":"default","_kad_post_vertical_padding":"default","_kad_post_feature":"","_kad_post_feature_position":"","_kad_post_header":false,"_kad_post_footer":false,"_kad_post_classname":""},"product_brand":[],"product_cat":[245],"product_tag":[],"class_list":{"0":"post-4563","1":"product","2":"type-product","3":"status-publish","4":"has-post-thumbnail","6":"product_cat-golvdisplayer","7":"pa_accessories-2-fack-och-toppskylt","8":"pa_accessories-2-fack-utan-toppskylt","9":"pa_accessories-4-fack-och-toppskylt","10":"pa_accessories-4-fack-utan-toppskylt","11":"pa_accessories-broschyrfack","12":"pa_accessories-inga-tillbehor","13":"pa_accessories-skylt","14":"pa_accessories-skylt-och-broschyrfack","16":"first","17":"instock","18":"taxable","19":"shipping-taxable","20":"purchasable","21":"product-type-variable","22":"entry","23":"content-bg","24":"loop-entry"},"_links":{"self":[{"href":"https:\/\/ideas4print.com\/sv\/wp-json\/wp\/v2\/product\/4563","targetHints":{"allow":["GET"]}}],"collection":[{"href":"https:\/\/ideas4print.com\/sv\/wp-json\/wp\/v2\/product"}],"about":[{"href":"https:\/\/ideas4print.com\/sv\/wp-json\/wp\/v2\/types\/product"}],"wp:featuredmedia":[{"embeddable":true,"href":"https:\/\/ideas4print.com\/sv\/wp-json\/wp\/v2\/media\/3968"}],"wp:attachment":[{"href":"https:\/\/ideas4print.com\/sv\/wp-json\/wp\/v2\/media?parent=4563"}],"wp:term":[{"taxonomy":"product_brand","embeddable":true,"href":"https:\/\/ideas4print.com\/sv\/wp-json\/wp\/v2\/product_brand?post=4563"},{"taxonomy":"product_cat","embeddable":true,"href":"https:\/\/ideas4print.com\/sv\/wp-json\/wp\/v2\/product_cat?post=4563"},{"taxonomy":"product_tag","embeddable":true,"href":"https:\/\/ideas4print.com\/sv\/wp-json\/wp\/v2\/product_tag?post=4563"}],"curies":[{"name":"wp","href":"https:\/\/api.w.org\/{rel}","templated":true}]}}