{"id":4559,"date":"2024-04-08T20:59:20","date_gmt":"2024-05-12T13:56:32","guid":{"rendered":"https:\/\/ideas4print.com\/product\/demonstrationsbord\/"},"modified":"2025-04-12T12:36:38","modified_gmt":"2025-04-12T10:36:38","slug":"demonstrationsbord","status":"publish","type":"product","link":"https:\/\/ideas4print.com\/sv\/produkt\/demonstrationsbord\/","title":{"rendered":"Demonstrationsbord"},"content":{"rendered":"<p>F\u00f6rvandla dina produktdemonstrationer med anpassningsbara wellpappbord som \u00e4r utformade f\u00f6r att f\u00e5 ditt varum\u00e4rke att sticka ut i butiker, p\u00e5 m\u00e4ssor och evenemang. Dessa bord erbjuder en unik blandning av m\u00e5ngsidighet, h\u00e5llbarhet och visuellt tilltal, vilket g\u00f6r dem till ett viktigt verktyg f\u00f6r alla reklamkampanjer.<\/p>\n<p>Demonstrationsborden \u00e4r helt anpassningsbara, vilket g\u00f6r att du kan trycka grafik, logotyper och meddelanden som \u00e5terspeglar din varum\u00e4rkesidentitet och effektivt kommunicerar ditt marknadsf\u00f6ringsbudskap. Oavsett om du ska visa upp nya produkter, erbjuda varuprover eller genomf\u00f6ra interaktiva demonstrationer ger borden en professionell plattform f\u00f6r att engagera din publik.<\/p>\n<p>Dessa bord \u00e4r tillverkade av h\u00f6gkvalitativ wellpapp och \u00e4r l\u00e4tta men \u00e4nd\u00e5 robusta, vilket g\u00f6r dem l\u00e4tta att transportera och st\u00e4lla upp var du \u00e4n beh\u00f6ver dem. Denna h\u00e5llbarhet s\u00e4kerst\u00e4ller att de klarar av att anv\u00e4ndas ofta, vilket ger dig en p\u00e5litlig l\u00f6sning f\u00f6r alla dina reklamaktiviteter.<\/p>\n<p>Med i\u00f6gonfallande grafik och livfulla f\u00e4rger f\u00e5ngar borden omedelbart uppm\u00e4rksamheten och drar till sig m\u00e4nniskor, vilket \u00f6kar trafiken till din monter eller utst\u00e4llningsyta.<\/p>\n<p>Demoborden \u00e4r idealiska f\u00f6r produktprovtagningar, demonstrationer eller informationsdisplayer och erbjuder en kostnadseffektiv l\u00f6sning f\u00f6r att marknadsf\u00f6ra dina produkter och engagera dina kunder. Ta dina marknadsf\u00f6ringsinsatser till n\u00e4sta niv\u00e5 med anpassningsbara bord och l\u00e4mna ett best\u00e5ende intryck p\u00e5 din publik.<\/p>\n","protected":false},"excerpt":{"rendered":"<p>M\u00e5ngsidiga demobord f\u00f6r effektiva produktdemonstrationer vid evenemang och kampanjer i butik.<\/p>\n<ul>\n<li>Helt anpassningsbar design<\/li>\n<li>L\u00e4tt och enkel att transportera<\/li>\n<li>I\u00f6gonfallande grafik f\u00f6r att dra till sig uppm\u00e4rksamhet<\/li>\n<li>Idealisk f\u00f6r produktprovtagning i butiker, p\u00e5 m\u00e4ssor och vid evenemang<\/li>\n<\/ul>\n","protected":false},"featured_media":3970,"template":"","meta":{"_kadence_starter_templates_imported_post":false,"_kad_post_transparent":"default","_kad_post_title":"","_kad_post_layout":"default","_kad_post_sidebar_id":"","_kad_post_content_style":"default","_kad_post_vertical_padding":"default","_kad_post_feature":"","_kad_post_feature_position":"","_kad_post_header":false,"_kad_post_footer":false,"_kad_post_classname":""},"product_brand":[],"product_cat":[245],"product_tag":[],"class_list":{"0":"post-4559","1":"product","2":"type-product","3":"status-publish","4":"has-post-thumbnail","6":"product_cat-golvdisplayer","7":"pa_accessories-inga-tillbehor","8":"pa_accessories-med-hyllplan","10":"first","11":"instock","12":"taxable","13":"shipping-taxable","14":"purchasable","15":"product-type-variable","16":"entry","17":"content-bg","18":"loop-entry"},"_links":{"self":[{"href":"https:\/\/ideas4print.com\/sv\/wp-json\/wp\/v2\/product\/4559","targetHints":{"allow":["GET"]}}],"collection":[{"href":"https:\/\/ideas4print.com\/sv\/wp-json\/wp\/v2\/product"}],"about":[{"href":"https:\/\/ideas4print.com\/sv\/wp-json\/wp\/v2\/types\/product"}],"wp:featuredmedia":[{"embeddable":true,"href":"https:\/\/ideas4print.com\/sv\/wp-json\/wp\/v2\/media\/3970"}],"wp:attachment":[{"href":"https:\/\/ideas4print.com\/sv\/wp-json\/wp\/v2\/media?parent=4559"}],"wp:term":[{"taxonomy":"product_brand","embeddable":true,"href":"https:\/\/ideas4print.com\/sv\/wp-json\/wp\/v2\/product_brand?post=4559"},{"taxonomy":"product_cat","embeddable":true,"href":"https:\/\/ideas4print.com\/sv\/wp-json\/wp\/v2\/product_cat?post=4559"},{"taxonomy":"product_tag","embeddable":true,"href":"https:\/\/ideas4print.com\/sv\/wp-json\/wp\/v2\/product_tag?post=4559"}],"curies":[{"name":"wp","href":"https:\/\/api.w.org\/{rel}","templated":true}]}}