{"id":4550,"date":"2024-04-08T22:01:03","date_gmt":"2024-05-12T13:38:31","guid":{"rendered":"https:\/\/ideas4print.com\/product\/action-vaggdisplay\/"},"modified":"2025-04-12T12:36:15","modified_gmt":"2025-04-12T10:36:15","slug":"action-vaggdisplay","status":"publish","type":"product","link":"https:\/\/ideas4print.com\/sv\/produkt\/action-vaggdisplay\/","title":{"rendered":"Action v\u00e4ggdisplay"},"content":{"rendered":"<p>F\u00f6rb\u00e4ttra ditt varum\u00e4rkes n\u00e4rvaro med anpassningsbara v\u00e4ggdisplayer i wellpapp, skr\u00e4ddarsydda enligt dina specifikationer. Dessa displayer \u00e4r tillverkade av slitstark wellpapp och \u00e4r b\u00e5de praktiska och m\u00e5ngsidiga. Oavsett om du ska visa upp produkter p\u00e5 en m\u00e4ssa eller marknadsf\u00f6ra ditt varum\u00e4rke p\u00e5 ett evenemang \u00e4r v\u00e4ggdisplayer den perfekta plattformen. Det som utm\u00e4rker dessa displayer \u00e4r m\u00f6jligheten till aktivitetsh\u00e5l, vilket m\u00f6jligg\u00f6r interaktivt engagemang med din publik. Dessa h\u00e5l kan placeras strategiskt f\u00f6r att underl\u00e4tta spel, t\u00e4vlingar eller produktdemonstrationer, vilket g\u00f6r att din monter sticker ut fr\u00e5n m\u00e4ngden. Dessutom \u00e4r v\u00e4ggarna helt anpassningsbara, vilket ger dig friheten att integrera ditt varum\u00e4rke, dina bilder och ditt budskap p\u00e5 ett s\u00f6ml\u00f6st s\u00e4tt. De fungerar inte bara som i\u00f6gonfallande reklamprodukter, utan \u00e4r ocks\u00e5 en praktisk l\u00f6sning f\u00f6r att organisera och visa upp produkter eller litteratur. Med v\u00e4ggdisplayer i wellpapp kan du skapa en minnesv\u00e4rd och interaktiv upplevelse f\u00f6r din publik och l\u00e4mna ett best\u00e5ende intryck av ditt varum\u00e4rke. Oavsett om du vill locka till dig bes\u00f6kare p\u00e5 en m\u00e4ssa eller engagera deltagarna p\u00e5 ett f\u00f6retagsevenemang \u00e4r dessa displayer den perfekta l\u00f6sningen. Investera i anpassningsbara v\u00e4ggdisplayer idag och ta ditt varum\u00e4rkes synlighet till nya h\u00f6jder.<\/p>\n","protected":false},"excerpt":{"rendered":"<p>Skr\u00e4ddarsydda v\u00e4ggsk\u00e4rmar f\u00f6r interaktiva evenemang som ger m\u00e5ngsidighet och engagemang f\u00f6r ditt varum\u00e4rke.<\/p>\n<ul>\n<li>Anpassningsbara designalternativ<\/li>\n<li>Valfria h\u00e5l f\u00f6r interaktiva aktiviteter<\/li>\n<li>Idealisk f\u00f6r evenemang och m\u00e4ssor<\/li>\n<li>F\u00f6rb\u00e4ttrar varum\u00e4rkets synlighet och engagemang<\/li>\n<\/ul>\n","protected":false},"featured_media":4060,"template":"","meta":{"_kadence_starter_templates_imported_post":false,"_kad_post_transparent":"default","_kad_post_title":"","_kad_post_layout":"default","_kad_post_sidebar_id":"","_kad_post_content_style":"default","_kad_post_vertical_padding":"default","_kad_post_feature":"","_kad_post_feature_position":"","_kad_post_header":false,"_kad_post_footer":false,"_kad_post_classname":""},"product_brand":[],"product_cat":[245],"product_tag":[],"class_list":{"0":"post-4550","1":"product","2":"type-product","3":"status-publish","4":"has-post-thumbnail","6":"product_cat-golvdisplayer","7":"pa_accessories-inga-tillbehor","8":"pa_accessories-med-hal-utan-nat","9":"pa_accessories-med-hal-och-nat","11":"first","12":"instock","13":"taxable","14":"shipping-taxable","15":"purchasable","16":"product-type-variable","17":"entry","18":"content-bg","19":"loop-entry"},"_links":{"self":[{"href":"https:\/\/ideas4print.com\/sv\/wp-json\/wp\/v2\/product\/4550","targetHints":{"allow":["GET"]}}],"collection":[{"href":"https:\/\/ideas4print.com\/sv\/wp-json\/wp\/v2\/product"}],"about":[{"href":"https:\/\/ideas4print.com\/sv\/wp-json\/wp\/v2\/types\/product"}],"wp:featuredmedia":[{"embeddable":true,"href":"https:\/\/ideas4print.com\/sv\/wp-json\/wp\/v2\/media\/4060"}],"wp:attachment":[{"href":"https:\/\/ideas4print.com\/sv\/wp-json\/wp\/v2\/media?parent=4550"}],"wp:term":[{"taxonomy":"product_brand","embeddable":true,"href":"https:\/\/ideas4print.com\/sv\/wp-json\/wp\/v2\/product_brand?post=4550"},{"taxonomy":"product_cat","embeddable":true,"href":"https:\/\/ideas4print.com\/sv\/wp-json\/wp\/v2\/product_cat?post=4550"},{"taxonomy":"product_tag","embeddable":true,"href":"https:\/\/ideas4print.com\/sv\/wp-json\/wp\/v2\/product_tag?post=4550"}],"curies":[{"name":"wp","href":"https:\/\/api.w.org\/{rel}","templated":true}]}}