{"id":3634,"date":"2024-02-23T16:11:10","date_gmt":"2024-02-23T15:11:10","guid":{"rendered":"https:\/\/ideas4print.com\/policy-for-kakor\/"},"modified":"2025-06-23T13:09:40","modified_gmt":"2025-06-23T11:09:40","slug":"policy-for-kakor","status":"publish","type":"page","link":"https:\/\/ideas4print.com\/sv\/policy-for-kakor\/","title":{"rendered":"Policy f\u00f6r kakor"},"content":{"rendered":"<p><style>\/*! elementor - v3.19.0 - 26-02-2024 *\/<br \/>\n.elementor-heading-title{padding:0;margin:0;line-height:1}.elementor-widget-heading .elementor-heading-title[class*=elementor-size-]>a{color:inherit;font-size:inherit;line-height:inherit}.elementor-widget-heading .elementor-heading-title.elementor-size-small{font-size:15px}.elementor-widget-heading .elementor-heading-title.elementor-size-medium{font-size:19px}.elementor-widget-heading .elementor-heading-title.elementor-size-large{font-size:29px}.elementor-widget-heading .elementor-heading-title.elementor-size-xl{font-size:39px}.elementor-widget-heading .elementor-heading-title.elementor-size-xxl{font-size:59px}<\/style>\n<\/p>\n<h2>Cookie policy<\/h2>\n<h3>Om denna cookiepolicy<\/h3>\n<p>Uppdaterad den 23 juni 2025<\/p>\n<p>Denna cookiepolicy f\u00f6rklarar vad cookies \u00e4r och hur vi anv\u00e4nder dem, vilka typer av cookies vi anv\u00e4nder, dvs. vilken information vi samlar in med hj\u00e4lp av cookies och hur den informationen anv\u00e4nds, samt hur du kontrollerar cookieinst\u00e4llningarna. F\u00f6r ytterligare information om hur vi anv\u00e4nder, lagrar och skyddar dina personuppgifter, se v\u00e5r integritetspolicy. Du kan n\u00e4r som helst \u00e4ndra eller \u00e5terkalla ditt samtycke fr\u00e5n cookie-deklarationen p\u00e5 v\u00e5r webbplats.<br \/>L\u00e4s mer om vilka vi \u00e4r, hur du kan kontakta oss och hur vi behandlar personuppgifter i v\u00e5r integritetspolicy.<br \/>Ditt samtycke g\u00e4ller f\u00f6r f\u00f6ljande dom\u00e4ner: ideas4print.com<\/p>\n<h3>Vad \u00e4r cookies?<\/h3>\n<p>Cookies \u00e4r sm\u00e5 textfiler som anv\u00e4nds f\u00f6r att lagra sm\u00e5 bitar av information. De lagras p\u00e5 din enhet n\u00e4r webbplatsen laddas i din webbl\u00e4sare. Dessa cookies hj\u00e4lper oss att f\u00e5 webbplatsen att fungera korrekt, g\u00f6ra den s\u00e4krare, ge b\u00e4ttre anv\u00e4ndarupplevelse och f\u00f6rst\u00e5 hur webbplatsen fungerar och att analysera vad som fungerar och var den beh\u00f6ver f\u00f6rb\u00e4ttras. <\/p>\n<h3>Hur anv\u00e4nder vi cookies?<\/h3>\n<p>Som de flesta onlinetj\u00e4nster anv\u00e4nder v\u00e5r webbplats f\u00f6rstaparts- och tredjepartscookies f\u00f6r flera \u00e4ndam\u00e5l. F\u00f6rstapartscookies \u00e4r oftast n\u00f6dv\u00e4ndiga f\u00f6r att webbplatsen ska fungera p\u00e5 r\u00e4tt s\u00e4tt, och de samlar inte in n\u00e5gra av dina personligt identifierbara uppgifter. De tredjepartscookies som anv\u00e4nds p\u00e5 v\u00e5r webbplats \u00e4r fr\u00e4mst till f\u00f6r att f\u00f6rst\u00e5 hur webbplatsen fungerar, hur du interagerar med v\u00e5r webbplats, h\u00e5lla v\u00e5ra tj\u00e4nster s\u00e4kra, tillhandah\u00e5lla annonser som \u00e4r relevanta f\u00f6r dig, och allt som allt ge dig en b\u00e4ttre och f\u00f6rb\u00e4ttrad anv\u00e4ndarupplevelse och hj\u00e4lpa till att p\u00e5skynda dina framtida interaktioner med v\u00e5r webbplats. <\/p>\n<h3>Vilka typer av cookies anv\u00e4nder vi?<\/h3>\n\n<div class=\"cky-audit-table-element\"><\/div>\n\n<h3 class=\"wp-block-heading\">Hur kan jag kontrollera inst\u00e4llningarna f\u00f6r cookies?<\/h3>\n\n<p>Om du best\u00e4mmer dig f\u00f6r att \u00e4ndra dina inst\u00e4llningar senare under din webbl\u00e4sarsession kan du klicka p\u00e5 ikonen l\u00e4ngst ned till v\u00e4nster. D\u00e5 visas meddelandet om samtycke igen s\u00e5 att du kan \u00e4ndra dina preferenser eller helt \u00e5terkalla ditt samtycke. Dessutom erbjuder olika webbl\u00e4sare olika metoder f\u00f6r att blockera och radera cookies som anv\u00e4nds av webbplatser. Du kan \u00e4ndra inst\u00e4llningarna i din webbl\u00e4sare f\u00f6r att blockera\/radera cookies. F\u00f6r mer information om hur du hanterar och tar bort cookies, bes\u00f6k wikipedia.org, www.allaboutcookies.org.<\/p>\n","protected":false},"excerpt":{"rendered":"<p>Cookie policy Om denna cookiepolicy Uppdaterad den 23 juni 2025 Denna cookiepolicy f\u00f6rklarar vad cookies \u00e4r och hur vi anv\u00e4nder dem, vilka typer av cookies vi anv\u00e4nder, dvs. vilken information vi samlar in med hj\u00e4lp av cookies och hur den informationen anv\u00e4nds, samt hur du kontrollerar cookieinst\u00e4llningarna. F\u00f6r ytterligare information om hur vi anv\u00e4nder, lagrar&#8230;<\/p>\n","protected":false},"author":2,"featured_media":0,"parent":0,"menu_order":0,"comment_status":"closed","ping_status":"closed","template":"","meta":{"_kadence_starter_templates_imported_post":false,"_kad_post_transparent":"","_kad_post_title":"","_kad_post_layout":"","_kad_post_sidebar_id":"","_kad_post_content_style":"","_kad_post_vertical_padding":"","_kad_post_feature":"","_kad_post_feature_position":"","_kad_post_header":false,"_kad_post_footer":false,"_kad_post_classname":"","footnotes":""},"class_list":["post-3634","page","type-page","status-publish","hentry"],"_links":{"self":[{"href":"https:\/\/ideas4print.com\/sv\/wp-json\/wp\/v2\/pages\/3634","targetHints":{"allow":["GET"]}}],"collection":[{"href":"https:\/\/ideas4print.com\/sv\/wp-json\/wp\/v2\/pages"}],"about":[{"href":"https:\/\/ideas4print.com\/sv\/wp-json\/wp\/v2\/types\/page"}],"author":[{"embeddable":true,"href":"https:\/\/ideas4print.com\/sv\/wp-json\/wp\/v2\/users\/2"}],"replies":[{"embeddable":true,"href":"https:\/\/ideas4print.com\/sv\/wp-json\/wp\/v2\/comments?post=3634"}],"version-history":[{"count":14,"href":"https:\/\/ideas4print.com\/sv\/wp-json\/wp\/v2\/pages\/3634\/revisions"}],"predecessor-version":[{"id":4794,"href":"https:\/\/ideas4print.com\/sv\/wp-json\/wp\/v2\/pages\/3634\/revisions\/4794"}],"wp:attachment":[{"href":"https:\/\/ideas4print.com\/sv\/wp-json\/wp\/v2\/media?parent=3634"}],"curies":[{"name":"wp","href":"https:\/\/api.w.org\/{rel}","templated":true}]}}