{"id":2810,"date":"2020-05-01T14:52:29","date_gmt":"2020-05-01T12:52:29","guid":{"rendered":"https:\/\/ideas4print.com\/?page_id=2810"},"modified":"2024-03-15T17:34:21","modified_gmt":"2024-03-15T16:34:21","slug":"allmanna-villkor","status":"publish","type":"page","link":"https:\/\/ideas4print.com\/sv\/allmanna-villkor\/","title":{"rendered":"Allm\u00e4nna Villkor"},"content":{"rendered":"<style>\/*! elementor - v3.19.0 - 26-02-2024 *\/\n.elementor-heading-title{padding:0;margin:0;line-height:1}.elementor-widget-heading .elementor-heading-title[class*=elementor-size-]>a{color:inherit;font-size:inherit;line-height:inherit}.elementor-widget-heading .elementor-heading-title.elementor-size-small{font-size:15px}.elementor-widget-heading .elementor-heading-title.elementor-size-medium{font-size:19px}.elementor-widget-heading .elementor-heading-title.elementor-size-large{font-size:29px}.elementor-widget-heading .elementor-heading-title.elementor-size-xl{font-size:39px}.elementor-widget-heading .elementor-heading-title.elementor-size-xxl{font-size:59px}<\/style>\n<h2>Allm\u00e4nna Villkor<\/h2>\n<p>Uppdaterad den 22 februari 2024<\/p>\n<ol>\n<li><strong>Inledning<br \/><\/strong>Dessa villkor (&#8221;Villkor&#8221;) reglerar din anv\u00e4ndning av ideas4print.com (&#8221;Webbplatsen&#8221;), som drivs av Ekograf F\u00f6retagstj\u00e4nst AB (Ekograf), med registreringsnummer 556761-1842, ett f\u00f6retag registrerat i Sverige. Genom att g\u00e5 in p\u00e5 eller anv\u00e4nda webbplatsen samtycker du till att vara bunden av dessa villkor. Om du inte godk\u00e4nner n\u00e5gon del av dessa villkor f\u00e5r du inte anv\u00e4nda webbplatsen.\n<\/li>\n<li><strong> Definitioner<\/strong>\n<ul>\n<li>&#8221;Bes\u00f6kare&#8221; h\u00e4nvisar till varje individ som kommer \u00e5t eller anv\u00e4nder webbplatsen.<\/li>\n<li>&#8221;Producent&#8221; avser varje juridisk person eller individ som erbjuder produkter relaterade till wellpapp och kartong p\u00e5 webbplatsen.<\/li>\n<li>&#8221;RFP&#8221; st\u00e5r f\u00f6r Request for Price (Beg\u00e4ran om pris).<\/li>\n<li>&#8221;Anv\u00e4ndare&#8221; avser b\u00e5de bes\u00f6kare och producenter tillsammans.\n<\/li>\n<\/ul>\n<\/li>\n<li> <strong>Tj\u00e4nster<br \/><\/strong> Webbplatsen fungerar som en plattform som hj\u00e4lper bes\u00f6kare att hitta producenter av wellpapp och kartongprodukter. Bes\u00f6kare kan bl\u00e4ddra bland produkter som listas p\u00e5 webbplatsen och beg\u00e4ra pris av en eller flera producenter. Webbplatsen underl\u00e4ttar kommunikationen mellan bes\u00f6kare och producenter men deltar inte i eller underl\u00e4ttar n\u00e5gra avtal eller transaktioner mellan dem. Ekograf \u00e4r inte involverad i produktion, f\u00f6rs\u00e4ljning eller leverans av n\u00e5gra produkter som listas p\u00e5 webbplatsen.\n<\/li>\n<li><strong>RFP-inl\u00e4mning<br \/><\/strong> N\u00e4r bes\u00f6karna skickar in en offertf\u00f6rfr\u00e5gan samtycker de till att tillhandah\u00e5lla korrekt och fullst\u00e4ndig information om sina krav. Ekograf ansvarar inte f\u00f6r eventuella felaktigheter eller utel\u00e4mnanden i informationen som tillhandah\u00e5lls av Bes\u00f6kare.\n<\/li>\n<li><strong>Kommunikation<br \/><\/strong>Bes\u00f6kare f\u00f6rst\u00e5r att genom att skicka in en offertf\u00f6rfr\u00e5gan kommer deras kontaktinformation att delas med producenter f\u00f6r att underl\u00e4tta kommunikationen ang\u00e5ende de beg\u00e4rda produkterna. Ekograf garanterar inte kvaliteten eller l\u00e4mpligheten hos produkter som erbjuds av producenter.\n<\/li>\n<li> <strong>Tredjepartsl\u00e4nkar<br \/><\/strong>Webbplatsen kan inneh\u00e5lla l\u00e4nkar till tredje parts webbplatser eller tj\u00e4nster som inte \u00e4gs eller kontrolleras av Ekograf. Ekograf har ingen kontroll \u00f6ver, och tar inget ansvar f\u00f6r, inneh\u00e5llet, integritetspolicyn eller praxis p\u00e5 tredje parts webbplatser eller tj\u00e4nster.\n<\/li>\n<li> <strong>Ansvarsbegr\u00e4nsning<br \/><\/strong>I den utstr\u00e4ckning det \u00e4r till\u00e5tet enligt till\u00e4mplig lag ska Ekograf inte h\u00e5llas ansvarigt f\u00f6r n\u00e5gra indirekta, tillf\u00e4lliga, speciella, f\u00f6ljdskador eller straffskador, eller f\u00f6rlust av vinst eller inkomst, vare sig den uppst\u00e5r direkt eller indirekt, eller f\u00f6rlust av data, anv\u00e4ndning, goodwill eller andra immateriella f\u00f6rluster till f\u00f6ljd av:<br \/>a. Din tillg\u00e5ng till eller anv\u00e4ndning av eller of\u00f6rm\u00e5ga att komma \u00e5t eller anv\u00e4nda webbplatsen.<br \/>b. Allt beteende eller inneh\u00e5ll fr\u00e5n tredje part p\u00e5 webbplatsen.<br \/>c. Allt inneh\u00e5ll som erh\u00e5llits fr\u00e5n webbplatsen.\n<\/li>\n<li>\n<p><strong>Offentligg\u00f6rande av kommission<br \/><\/strong>a. Ekograf kan tj\u00e4na en provision eller avgift fr\u00e5n producenter n\u00e4r en bes\u00f6kare skickar in en beg\u00e4ran om pris (RFP) via webbplatsen.<br \/>b. Storleken p\u00e5 provision eller avgift som tj\u00e4nas in kan variera och best\u00e4ms av villkoren i avtalet mellan Ekograf och producenterna.<br \/>c. Genom att skicka in en offertf\u00f6rfr\u00e5gan via webbplatsen, bekr\u00e4ftar och samtycker bes\u00f6karna till att Ekograf kan f\u00e5 ers\u00e4ttning fr\u00e5n producenter f\u00f6r att underl\u00e4tta kopplingen och kommunikationen mellan bes\u00f6kare och producenter.<\/p>\n<\/li>\n<li>\n<p><strong style=\"font-size: revert;\">Immateriella r\u00e4ttigheter<br \/><\/strong>a. Inneh\u00e5llet p\u00e5 denna webbplats, inklusive men inte begr\u00e4nsat till text, grafik, logotyper, bilder, ljudklipp, digitala nedladdningar, datasamlingar och programvara, tillh\u00f6r Ekograf eller dess inneh\u00e5llsleverant\u00f6rer och skyddas av internationella upphovsr\u00e4ttslagar.<br \/>b. Bes\u00f6kare f\u00e5r inte modifiera, kopiera, distribuera, \u00f6verf\u00f6ra, visa, utf\u00f6ra, reproducera, publicera, licensiera, skapa h\u00e4rledda verk fr\u00e5n, \u00f6verf\u00f6ra eller s\u00e4lja n\u00e5gon information, programvara, produkter eller tj\u00e4nster som erh\u00e5llits fr\u00e5n webbplatsen utan f\u00f6reg\u00e5ende skriftligt medgivande fr\u00e5n Ekograf eller respektive innehavare av immateriella r\u00e4ttigheter.<br \/>c. Alla varum\u00e4rken, tj\u00e4nstem\u00e4rken och handelsnamn som anv\u00e4nds p\u00e5 webbplatsen tillh\u00f6r sina respektive \u00e4gare.<br \/>d. Ekograf f\u00f6rbeh\u00e5ller sig r\u00e4tten att ta bort allt inneh\u00e5ll som p\u00e5st\u00e5s g\u00f6ra intr\u00e5ng utan f\u00f6reg\u00e5ende meddelande och efter eget gottfinnande.<\/p>\n<\/li>\n<li>\n<p><strong>Integritetspolicy<br \/><\/strong>Genom att anv\u00e4nda webbplatsen bekr\u00e4ftar du att du har l\u00e4st, f\u00f6rst\u00e5tt och godk\u00e4nner villkoren i v\u00e5r integritetspolicy. V\u00e5r integritetspolicy reglerar insamling, anv\u00e4ndning och avsl\u00f6jande av personlig information som vi f\u00e5r fr\u00e5n anv\u00e4ndare av webbplatsen. L\u00e4s v\u00e5r integritetspolicy [<a href=\"https:\/\/ideas4print.com\/sv\/integritetspolicy\/\">h\u00e4r<\/a>].<\/p>\n<\/li>\n<li><strong>\u00c4ndringar av villkoren<br \/><\/strong> Ekograf f\u00f6rbeh\u00e5ller sig r\u00e4tten att n\u00e4r som helst \u00e4ndra eller ers\u00e4tta dessa villkor. Om en revidering \u00e4r v\u00e4sentlig kommer vi att meddela minst 30 dagars varsel innan nya villkor tr\u00e4der i kraft. Vad som utg\u00f6r en v\u00e4sentlig f\u00f6r\u00e4ndring kommer att best\u00e4mmas efter eget gottfinnande.\n<\/li>\n<li> <strong>G\u00e4llande lag och jurisdiktion<br \/><\/strong>Dessa villkor ska styras och tolkas i enlighet med svensk lag, utan h\u00e4nsyn till dess lagkonfliktbest\u00e4mmelser. Eventuella tvister som uppst\u00e5r under dessa Villkor ska l\u00f6sas exklusivt av domstolarna i G\u00e4vle, Sverige.\n<\/li>\n<li><strong>Kontakta oss<br \/><\/strong>Om du har n\u00e5gra fr\u00e5gor om dessa villkor, v\u00e4nligen kontakta oss&nbsp;<a href=\"https:\/\/ideas4print.com\/sv\/kontakta-ideas4print-com\/\">h\u00e4r<\/a>.<\/li>\n<\/ol>\n<p>Genom att anv\u00e4nda webbplatsen bekr\u00e4ftar du att du har l\u00e4st, f\u00f6rst\u00e5tt och samtycker till att vara bunden av dessa villkor.<\/p>\n","protected":false},"excerpt":{"rendered":"<p>Allm\u00e4nna Villkor Uppdaterad den 22 februari 2024 InledningDessa villkor (&#8221;Villkor&#8221;) reglerar din anv\u00e4ndning av ideas4print.com (&#8221;Webbplatsen&#8221;), som drivs av Ekograf F\u00f6retagstj\u00e4nst AB (Ekograf), med registreringsnummer 556761-1842, ett f\u00f6retag registrerat i Sverige. Genom att g\u00e5 in p\u00e5 eller anv\u00e4nda webbplatsen samtycker du till att vara bunden av dessa villkor. Om du inte godk\u00e4nner n\u00e5gon del av&#8230;<\/p>\n","protected":false},"author":2,"featured_media":0,"parent":0,"menu_order":0,"comment_status":"closed","ping_status":"closed","template":"template-fullwidth.php","meta":{"_kadence_starter_templates_imported_post":false,"_kad_post_transparent":"","_kad_post_title":"","_kad_post_layout":"","_kad_post_sidebar_id":"","_kad_post_content_style":"","_kad_post_vertical_padding":"","_kad_post_feature":"","_kad_post_feature_position":"","_kad_post_header":false,"_kad_post_footer":false,"_kad_post_classname":"","footnotes":""},"class_list":["post-2810","page","type-page","status-publish","hentry"],"_links":{"self":[{"href":"https:\/\/ideas4print.com\/sv\/wp-json\/wp\/v2\/pages\/2810","targetHints":{"allow":["GET"]}}],"collection":[{"href":"https:\/\/ideas4print.com\/sv\/wp-json\/wp\/v2\/pages"}],"about":[{"href":"https:\/\/ideas4print.com\/sv\/wp-json\/wp\/v2\/types\/page"}],"author":[{"embeddable":true,"href":"https:\/\/ideas4print.com\/sv\/wp-json\/wp\/v2\/users\/2"}],"replies":[{"embeddable":true,"href":"https:\/\/ideas4print.com\/sv\/wp-json\/wp\/v2\/comments?post=2810"}],"version-history":[{"count":14,"href":"https:\/\/ideas4print.com\/sv\/wp-json\/wp\/v2\/pages\/2810\/revisions"}],"predecessor-version":[{"id":3745,"href":"https:\/\/ideas4print.com\/sv\/wp-json\/wp\/v2\/pages\/2810\/revisions\/3745"}],"wp:attachment":[{"href":"https:\/\/ideas4print.com\/sv\/wp-json\/wp\/v2\/media?parent=2810"}],"curies":[{"name":"wp","href":"https:\/\/api.w.org\/{rel}","templated":true}]}}