{"id":2801,"date":"2020-04-30T17:29:40","date_gmt":"2020-04-30T15:29:40","guid":{"rendered":"https:\/\/ideas4print.com\/?page_id=2801"},"modified":"2024-02-27T20:44:43","modified_gmt":"2024-02-27T19:44:43","slug":"integritetspolicy","status":"publish","type":"page","link":"https:\/\/ideas4print.com\/sv\/integritetspolicy\/","title":{"rendered":"Integritetspolicy"},"content":{"rendered":"<\/p>\n<p>Senast uppdaterad: 2024-02-05<\/p>\n<ol>\n<li>Inleding<br \/>Denna integritetspolicy f\u00f6rklarar hur vi samlar in, anv\u00e4nder, avsl\u00f6jar och lagrar dina personuppgifter och hur vi \u00e4ven s\u00e4kerst\u00e4ller att dina personuppgifter behandlas i enlighet med g\u00e4llande lagstiftning.\n<\/li>\n<li>Vem \u00e4r ansvarig f\u00f6r personuppgifterna?<br \/>EkoGraf F\u00f6retagstj\u00e4nst AB, med org. nr 556761-1842 och postadress Fleminggatan 7, 80260 G\u00e4vle (i denna policy kallad &#8221;Ekograf&#8221;) \u00e4r ansvarig f\u00f6r behandlingen av dina personuppgifter.  Som personuppgiftsansvarig \u00e4r det Ekografs ansvar att se till att dina uppgifter hanteras korrekt, s\u00e4kert och i enlighet med g\u00e4llande lagstiftning.\n<\/li>\n<li>Vilka personuppgifter behandlar vi?<br \/>Vi kan samla in och behandla f\u00f6ljande kategorier av personuppgifter:\n<ul>\n<li>Kontaktuppgifter: s\u00e5som namn, e-postadress, leveransadress, fakturaadress och telefonnummer.<\/li>\n<li>Identifikationsnummer: s\u00e5som organisationsnummer.<\/li>\n<li>Order- och kundinformation: s\u00e5som kundnummer och ordernummer.<\/li>\n<li>Betalningsinformation: s\u00e5som betalningss\u00e4tt, belopp och betalningshistorik.<\/li>\n<li>Finansiell information: till exempel kreditinformation.<\/li>\n<li>Korrespondens: s\u00e5som information om support\u00e4renden, anteckningar och mejl vid kontakt med kundtj\u00e4nst.<\/li>\n<li>Anv\u00e4ndargenererad data: s\u00e5som IP-adress, enhetsinformation (teknisk information om dator, mobiltelefon och andra enheter som du anv\u00e4nder, till exempel webbl\u00e4sarinst\u00e4llningar, tidszon, operativsystem), platsinformation samt klick- och bes\u00f6kshistorik som bl.a. annat, visar vilka produkter eller erbjudanden du varit intresserad av.\n<\/li>\n<\/ul>\n<\/li>\n<li>Fr\u00e5n vilka k\u00e4llor samlar vi in \u200b\u200binformation om dig som kund?<br \/>Vi samlar in dina personuppgifter n\u00e4r du t.ex.:\n<ul>\n<li>bes\u00f6k v\u00e5r hemsida, genom t.ex. kakor. Du kan hitta mer information om hur vi anv\u00e4nder cookies i Cookiepolicy.<\/li>\n<li>kontakta en tredjepartsproducent eller broker via denna dom\u00e4n.<\/li>\n<li>kontakta oss direkt via denna dom\u00e4n, e-post, telefon,&nbsp;eller brev.\n<\/li>\n<\/ul>\n<\/li>\n<li>Varf\u00f6r behandlar vi personuppgifter om dig?<br \/>Vi samlar in och hanterar information om dig f\u00f6r olika \u00e4ndam\u00e5l. Dessa syften s\u00e4tter den externa ramen f\u00f6r vad vi f\u00e5r anv\u00e4nda dina personuppgifter till. Nedan f\u00f6rklarar vi syftena med v\u00e5r behandling och ger exempel p\u00e5 de behandlingsaktiviteter som f\u00f6rekommer under respektive \u00e4ndam\u00e5l. Observera att vissa av dina personuppgifter kan behandlas f\u00f6r flera \u00e4ndam\u00e5l.\n<ul>\n<li>Vidarebefordran av beg\u00e4ran om information eller pris till tredjepartsproducenter och broker.\n<ul>\n<li>N\u00e4r du beg\u00e4r information eller ett pris p\u00e5 en produkt skickas f\u00f6rfr\u00e5gan vidare till 3<sup>e<\/sup>-part. Det g\u00f6rs f\u00f6r att de ska kunna kontakta dig och st\u00f6dja dig direkt f\u00f6r den beg\u00e4ran.<\/li>\n<\/ul>\n<\/li>\n<li>Hantera best\u00e4llningar och ink\u00f6p (om du \u00e4r producent eller m\u00e4klare av en broker)\n<ul>\n<li>Behandling av personuppgifter f\u00f6r detta \u00e4ndam\u00e5l innefattar bland annat aktiviteter f\u00f6r att identifiera dig och kontrollera din \u00e5lder, skicka orderbekr\u00e4ftelse, hantera betalning f\u00f6r tj\u00e4nster, bed\u00f6ma vilka betalningsmetoder vi kan erbjuda dig (baserat p\u00e5 kontaktuppgifter, best\u00e4llda tj\u00e4nster, betalningshistorik och finansiell information), leverera best\u00e4llningar, meddela leverans och hantera reklamationer och garantifr\u00e5gor avseende k\u00f6pta tj\u00e4nster.<\/li>\n<\/ul>\n<\/li>\n<li>Utf\u00f6rande av juridiska skyldigheter\n<ul>\n<li>Personuppgifterna behandlas f\u00f6r detta \u00e4ndam\u00e5l f\u00f6r att vi ska kunna uppfylla kraven i lagar, domar eller myndighetsbeslut. Om informationen som vi samlar in i detta sammanhang inte tillhandah\u00e5lls kan v\u00e5r r\u00e4ttsliga skyldighet inte uppfyllas och i detta fall kan vi neka dig den best\u00e4llning, k\u00f6p eller aktivitet som ger upphov till v\u00e5ra juridiska skyldigheter.<\/li>\n<\/ul>\n<\/li>\n<\/ul>\n<\/li>\n<\/ol>\n<ol start=\"6\">\n<li>Vilka \u00e4r de r\u00e4ttsliga grunderna f\u00f6r v\u00e5r behandling av dina personuppgifter?<br \/>F\u00f6r att ha r\u00e4tt att samla in och behandla dina personuppgifter m\u00e5ste det finnas en laglig grund f\u00f6r varje \u00e4ndam\u00e5l som uppgifterna behandlas f\u00f6r. De r\u00e4ttsliga grunderna som vi baserar v\u00e5r behandling p\u00e5 beskrivs i detta avsnitt. Observera att flera r\u00e4ttsliga grunder kan g\u00e4lla f\u00f6r samma behandling.\n<ul>\n<li>R\u00e4ttslig skyldighet;<br \/>Denna grund inneb\u00e4r att v\u00e5r behandling \u00e4r n\u00f6dv\u00e4ndig f\u00f6r att uppfylla en r\u00e4ttslig skyldighet som Ekograf kr\u00e4ver, till exempel att dokumentera betalningsuppgifter f\u00f6r att uppfylla bokf\u00f6ringslagens krav.<\/li>\n<li>Avtalsf\u00f6rpliktelser<br \/>Detta underlag inneb\u00e4r att behandlingen \u00e4r n\u00f6dv\u00e4ndig f\u00f6r att fullg\u00f6ra ett avtal med dig som kund eller f\u00f6r att kunna ing\u00e5 avtal i ett senare skede.<\/li>\n<li>Ber\u00e4ttigat intresse<br \/>Denna grund inneb\u00e4r att v\u00e5r behandling bygger p\u00e5 en s\u00e5 kallad intresseavv\u00e4gning av ber\u00e4ttigat intresse. Det inneb\u00e4r att behandlingen sker f\u00f6r att Ekograf bed\u00f6mer att vi har ber\u00e4ttigade intressen av att behandla dina personuppgifter som v\u00e4ger tyngre \u00e4n ditt intresse av att inte f\u00e5 personuppgifterna behandlade. P\u00e5 grundval av detta behandlar vi dina personuppgifter bland annat f\u00f6r att f\u00f6rebygga, f\u00f6rebygga och utreda brott inom ramen f\u00f6r v\u00e5r verksamhet. Om vi \u200b\u200banser att ett brott eller f\u00f6rs\u00f6k till brott har beg\u00e5tts och vi g\u00f6r en polisanm\u00e4lan kommer Ekograf ocks\u00e5 att forts\u00e4tta att behandla dina personuppgifter s\u00e5 att vi kan fastst\u00e4lla, f\u00f6rsvara eller g\u00f6ra r\u00e4ttsliga anspr\u00e5k.\n<\/li>\n<\/ul>\n<\/li>\n<li>Hur l\u00e4nge lagrar vi dina personuppgifter?<br \/>Vi kommer att beh\u00e5lla dina personuppgifter s\u00e5 l\u00e4nge det \u00e4r n\u00f6dv\u00e4ndigt f\u00f6r att uppfylla de syften f\u00f6r vilka uppgifterna behandlas. Lagringstidens l\u00e4ngd beror d\u00e4rf\u00f6r p\u00e5 f\u00f6r vilket \u00e4ndam\u00e5l uppgifterna behandlas. Dessutom kan vi komma att spara uppgifterna l\u00e4ngre om de beh\u00f6vs f\u00f6r att fastst\u00e4lla, f\u00f6rsvara eller g\u00f6ra r\u00e4ttsliga anspr\u00e5k, t.ex. om en tvist p\u00e5g\u00e5r eller om en anm\u00e4lan om brott har gjorts till Polismyndigheten.\n<\/li>\n<li>Vem delar vi dina personuppgifter med?\n<ul>\n<li>Vi l\u00e4mnar ut dina kontaktuppgifter s\u00e5som namn, telefonnummer, e-post och leveransadress till 3<sup>e<\/sup>-partsproducenter och brokers.<\/li>\n<li>Vi kan komma att l\u00e4mna ut din information till myndigheter om det \u00e4r n\u00f6dv\u00e4ndigt f\u00f6r att f\u00f6lja lagar, f\u00f6rordningar eller myndighetsbeslut eller f\u00f6r att Ekograf ska fastst\u00e4lla, f\u00f6rsvara eller g\u00f6ra r\u00e4ttsliga anspr\u00e5k.<\/li>\n<li>IT-tj\u00e4nsteleverant\u00f6rer som har tillg\u00e5ng till IT-infrastrukturen.<\/li>\n<li>Andra 3<sup>e<\/sup> parter, beh\u00f6vde f\u00f6r att leverera de \u00e5terf\u00f6rda tj\u00e4nsterna.\n<\/li>\n<\/ul>\n<\/li>\n<li>Var lagrar vi dina personuppgifter?<br \/>Vi kommer att hantera och lagra dina personuppgifter inom Europeiska unionen.\n<\/li>\n<li>R\u00e4tt till dina egna uppgifter<br \/>Vi ansvarar f\u00f6r att dina personuppgifter behandlas i enlighet med g\u00e4llande lagstiftning. Vi kommer, p\u00e5 din beg\u00e4ran eller p\u00e5 eget initiativ, att korrigera, avidentifiera, radera eller komplettera all information som uppt\u00e4cks vara felaktig, ofullst\u00e4ndig eller vilseledande. fr\u00e5gor om detta eller vill ut\u00f6va n\u00e5gon r\u00e4ttighet, v\u00e4nligen kontakta oss via informationen l\u00e4ngst ner i denna policy. Om du upplever att vi hanterar dina personuppgifter felaktigt \u00e4r du v\u00e4lkommen att kontakta oss. Kontaktinformation finns l\u00e4ngst ner i denna policy. Du har \u00e4ven r\u00e4tt att l\u00e4mna in eventuella klagom\u00e5l ang\u00e5ende behandlingen av dina personuppgifter till Datainspektionen som \u00e4r ansvarig tillsynsmyndighet f\u00f6r behandling av personuppgifter i Sverige. Dina r\u00e4ttigheter:\n<ul>\n<li>R\u00e4tt att f\u00e5 tillg\u00e5ng till dina personuppgifter<\/li>\n<li>R\u00e4tt att r\u00e4tta dina personuppgifter<\/li>\n<li>R\u00e4tt att radera dina personuppgifter<\/li>\n<li>R\u00e4tt till dataportabilitet<\/li>\n<li>R\u00e4tt till begr\u00e4nsning av behandlingen<\/li>\n<\/ul>\n<\/li>\n<\/ol>\n<ol start=\"11\">\n<li>Implementering och \u00e4ndring av integritetspolicyn<br \/>Den senaste versionen av integritetspolicyn finns alltid tillg\u00e4nglig p\u00e5 v\u00e5r hemsida. V\u00e5r integritetspolicy g\u00e4ller n\u00e4r som helst i formen och inneh\u00e5llet som publiceras p\u00e5 webbplatsen. Dessutom har vi r\u00e4tt att uppdatera integritetspolicyn n\u00e4r som helst utan f\u00f6reg\u00e5ende meddelande. Om integritetspolicyn \u00e4ndras kommer den uppdaterade policyn att publiceras p\u00e5 denna dom\u00e4n.\n<\/li>\n<li>Kontaktuppgifter<br \/>Kontakta oss genom att klicka <a href=\"https:\/\/ideas4print.com\/sv\/kontakta-ideas4print-com\/\"> h\u00e4r<\/a>.<\/li>\n<\/ol>\n","protected":false},"excerpt":{"rendered":"<p>Senast uppdaterad: 2024-02-05 InledingDenna integritetspolicy f\u00f6rklarar hur vi samlar in, anv\u00e4nder, avsl\u00f6jar och lagrar dina personuppgifter och hur vi \u00e4ven s\u00e4kerst\u00e4ller att dina personuppgifter behandlas i enlighet med g\u00e4llande lagstiftning. Vem \u00e4r ansvarig f\u00f6r personuppgifterna?EkoGraf F\u00f6retagstj\u00e4nst AB, med org. nr 556761-1842 och postadress Fleminggatan 7, 80260 G\u00e4vle (i denna policy kallad &#8221;Ekograf&#8221;) \u00e4r ansvarig f\u00f6r&#8230;<\/p>\n","protected":false},"author":2,"featured_media":0,"parent":0,"menu_order":0,"comment_status":"closed","ping_status":"closed","template":"","meta":{"_kadence_starter_templates_imported_post":false,"_kad_post_transparent":"","_kad_post_title":"","_kad_post_layout":"","_kad_post_sidebar_id":"","_kad_post_content_style":"","_kad_post_vertical_padding":"","_kad_post_feature":"","_kad_post_feature_position":"","_kad_post_header":false,"_kad_post_footer":false,"_kad_post_classname":"","footnotes":""},"class_list":["post-2801","page","type-page","status-publish","hentry"],"_links":{"self":[{"href":"https:\/\/ideas4print.com\/sv\/wp-json\/wp\/v2\/pages\/2801","targetHints":{"allow":["GET"]}}],"collection":[{"href":"https:\/\/ideas4print.com\/sv\/wp-json\/wp\/v2\/pages"}],"about":[{"href":"https:\/\/ideas4print.com\/sv\/wp-json\/wp\/v2\/types\/page"}],"author":[{"embeddable":true,"href":"https:\/\/ideas4print.com\/sv\/wp-json\/wp\/v2\/users\/2"}],"replies":[{"embeddable":true,"href":"https:\/\/ideas4print.com\/sv\/wp-json\/wp\/v2\/comments?post=2801"}],"version-history":[{"count":5,"href":"https:\/\/ideas4print.com\/sv\/wp-json\/wp\/v2\/pages\/2801\/revisions"}],"predecessor-version":[{"id":3682,"href":"https:\/\/ideas4print.com\/sv\/wp-json\/wp\/v2\/pages\/2801\/revisions\/3682"}],"wp:attachment":[{"href":"https:\/\/ideas4print.com\/sv\/wp-json\/wp\/v2\/media?parent=2801"}],"curies":[{"name":"wp","href":"https:\/\/api.w.org\/{rel}","templated":true}]}}